{"id":132,"date":"2020-06-16T10:43:12","date_gmt":"2020-06-16T10:43:12","guid":{"rendered":"http:\/\/wptestinstanz.gecgin.de\/?page_id=132"},"modified":"2021-12-10T14:26:03","modified_gmt":"2021-12-10T12:26:03","slug":"impressum","status":"publish","type":"page","link":"http:\/\/www.brauerinternat.de\/?page_id=132","title":{"rendered":"Impressum"},"content":{"rendered":"<div>\n<p><strong>Verein zur F\u00f6rderung der Berufsausbildung<\/strong><br \/>\n<strong>\u2028des Brauer- und M\u00e4lzernachwuchses e.V.<\/strong><br \/>\nEduard Pfeiffer<br \/>\nStrasse 48<br \/>\n70192 Stuttgart<\/p>\n<p><strong>Gesch\u00e4ftsf\u00fchrer:&nbsp;<\/strong><br \/>\n<strong>Rechtsanwalt Hans Walter Janitz<\/strong><br \/>\nTelefon: 0711\/223330<\/p>\n<p><strong>Ansprechpartner:<\/strong><br \/>\n<strong>Stefan Arnold<\/strong><br \/>\nK\u00f6nigstr. 96<br \/>\n89077 Ulm<br \/>\nTelefon: 0731\/9369010<br \/>\nTelefax: 0731\/ 9369013<br \/>\nE-Mail: <span class=\"Apple-style-span\"><span id=\"cloak51353\"><a href=\"mailto:m.rudolph@brauer-internat.de\">internatsleitung@brauerinternat.de<\/a><\/span><\/span><\/p>\n<p>Haftungsausschluss: Die Inhalte unserer Seiten wurden mit gr\u00f6\u00dfter Sorgfalt erstellt. F\u00fcr die Richtigkeit, Vollst\u00e4ndigkeit und Aktualit\u00e4t der Inhalte k\u00f6nnen wir jedoch keine Gew\u00e4hr \u00fcbernehmen. Als Diensteanbieter sind wir gem\u00e4\u00df \u00a7 7 Abs.1 TMG f\u00fcr eigene Inhalte auf diesen Seiten nach den allgemeinen Gesetzen verantwortlich. Nach \u00a7\u00a7 8 bis 10 TMG sind wir als Diensteanbieter jedoch nicht verpflichtet, \u00fcbermittelte oder gespeicherte fremde Informationen zu \u00fcberwachen oder nach Umst\u00e4nden zu forschen, die auf eine rechtswidrige T\u00e4tigkeit hinweisen. Verpflichtungen zur Entfernung oder Sperrung der Nutzung von Informationen nach den allgemeinen Gesetzen bleiben hiervon unber\u00fchrt. Eine diesbez\u00fcgliche Haftung ist jedoch erst ab dem Zeitpunkt der Kenntnis einer konkreten Rechtsverletzung m\u00f6glich. Bei Bekanntwerden von entsprechenden Rechtsverletzungen werden wir diese Inhalte umgehend entfernen.<\/p>\n<\/div>\n","protected":false},"excerpt":{"rendered":"<p>Verein zur F\u00f6rderung der Berufsausbildung \u2028des Brauer- und M\u00e4lzernachwuchses e.V. Eduard Pfeiffer Strasse 48 70192 Stuttgart Gesch\u00e4ftsf\u00fchrer:&nbsp; Rechtsanwalt Hans Walter Janitz Telefon: 0711\/223330 Ansprechpartner: Stefan Arnold K\u00f6nigstr. 96 89077 Ulm Telefon: 0731\/9369010 Telefax: 0731\/ 9369013 E-Mail: internatsleitung@brauerinternat.de Haftungsausschluss: Die Inhalte unserer Seiten wurden mit gr\u00f6\u00dfter Sorgfalt erstellt. F\u00fcr die Richtigkeit, Vollst\u00e4ndigkeit und Aktualit\u00e4t der Inhalte [&hellip;]<\/p>\n","protected":false},"author":1,"featured_media":0,"parent":0,"menu_order":0,"comment_status":"closed","ping_status":"closed","template":"","meta":{"ngg_post_thumbnail":0,"footnotes":""},"class_list":["post-132","page","type-page","status-publish","czr-hentry"],"_links":{"self":[{"href":"http:\/\/www.brauerinternat.de\/index.php?rest_route=\/wp\/v2\/pages\/132","targetHints":{"allow":["GET"]}}],"collection":[{"href":"http:\/\/www.brauerinternat.de\/index.php?rest_route=\/wp\/v2\/pages"}],"about":[{"href":"http:\/\/www.brauerinternat.de\/index.php?rest_route=\/wp\/v2\/types\/page"}],"author":[{"embeddable":true,"href":"http:\/\/www.brauerinternat.de\/index.php?rest_route=\/wp\/v2\/users\/1"}],"replies":[{"embeddable":true,"href":"http:\/\/www.brauerinternat.de\/index.php?rest_route=%2Fwp%2Fv2%2Fcomments&post=132"}],"version-history":[{"count":5,"href":"http:\/\/www.brauerinternat.de\/index.php?rest_route=\/wp\/v2\/pages\/132\/revisions"}],"predecessor-version":[{"id":346,"href":"http:\/\/www.brauerinternat.de\/index.php?rest_route=\/wp\/v2\/pages\/132\/revisions\/346"}],"wp:attachment":[{"href":"http:\/\/www.brauerinternat.de\/index.php?rest_route=%2Fwp%2Fv2%2Fmedia&parent=132"}],"curies":[{"name":"wp","href":"https:\/\/api.w.org\/{rel}","templated":true}]}}