{"id":2,"date":"2016-05-10T03:48:21","date_gmt":"2016-05-10T03:48:21","guid":{"rendered":"http:\/\/wptestinstanz.gecgin.de\/?page_id=2"},"modified":"2022-11-17T22:52:07","modified_gmt":"2022-11-17T20:52:07","slug":"sample-page","status":"publish","type":"page","link":"https:\/\/www.brauerinternat.de\/","title":{"rendered":"Startseite"},"content":{"rendered":"<div>\n<h1>\u00dcber uns<\/h1>\n<\/div>\n<p>Das Brauer-Internat wurde in den Jahren 1961 bis 1963&nbsp; in unmittelbarer Nachbarschaft zum Berufsschulzentrum erbaut und im Jahr 1996 um einen Wohntrakt und zwei Seminarr\u00e4ume erweitert.<\/p>\n<p>Seit 2007 werden im Altbau des Internats immer wieder Modernisierungsma\u00dfnahmen durchgef\u00fchrt.<\/p>\n<p>Rechtstr\u00e4ger des Internats ist der Verein zur F\u00f6rderung der Berufsausbildung<br \/>\ndes Brauer- und M\u00e4lzernachwuchses e.V. in Stuttgart. Die Mitglieder des Vereins sind die&nbsp;Brauer- Verb\u00e4nde des Landes sowie Verb\u00e4nde, Brauereien und M\u00e4lzereien aus dem s\u00fcddeutschen Raum.<\/p>\n<p>Im Internat sind zahlreiche qualifizierte Mitarbeiter in den Bereichen Haustechnik, K\u00fcche, Hauswirtschaft, Reinigung und Sch\u00fclerbetreuung besch\u00e4ftigt.<\/p>\n<p>Internatsleiter ist Herr Stefan Arnold.<\/p>\n<p>&nbsp;<\/p>\n<p style=\"text-align: center;\"><em><strong>&nbsp;<\/strong><\/em><\/p>\nngg_shortcode_0_placeholder\n<h3>&nbsp;<\/h3>\n","protected":false},"excerpt":{"rendered":"<p>\u00dcber uns Das Brauer-Internat wurde in den Jahren 1961 bis 1963&nbsp; in unmittelbarer Nachbarschaft zum Berufsschulzentrum erbaut und im Jahr 1996 um einen Wohntrakt und zwei Seminarr\u00e4ume erweitert. Seit 2007 werden im Altbau des Internats immer wieder Modernisierungsma\u00dfnahmen durchgef\u00fchrt. Rechtstr\u00e4ger des Internats ist der Verein zur F\u00f6rderung der Berufsausbildung des Brauer- und M\u00e4lzernachwuchses e.V. in [&hellip;]<\/p>\n","protected":false},"author":1,"featured_media":0,"parent":0,"menu_order":0,"comment_status":"closed","ping_status":"open","template":"","meta":{"ngg_post_thumbnail":0,"footnotes":""},"class_list":["post-2","page","type-page","status-publish","czr-hentry"],"_links":{"self":[{"href":"https:\/\/www.brauerinternat.de\/index.php?rest_route=\/wp\/v2\/pages\/2","targetHints":{"allow":["GET"]}}],"collection":[{"href":"https:\/\/www.brauerinternat.de\/index.php?rest_route=\/wp\/v2\/pages"}],"about":[{"href":"https:\/\/www.brauerinternat.de\/index.php?rest_route=\/wp\/v2\/types\/page"}],"author":[{"embeddable":true,"href":"https:\/\/www.brauerinternat.de\/index.php?rest_route=\/wp\/v2\/users\/1"}],"replies":[{"embeddable":true,"href":"https:\/\/www.brauerinternat.de\/index.php?rest_route=%2Fwp%2Fv2%2Fcomments&post=2"}],"version-history":[{"count":22,"href":"https:\/\/www.brauerinternat.de\/index.php?rest_route=\/wp\/v2\/pages\/2\/revisions"}],"predecessor-version":[{"id":412,"href":"https:\/\/www.brauerinternat.de\/index.php?rest_route=\/wp\/v2\/pages\/2\/revisions\/412"}],"wp:attachment":[{"href":"https:\/\/www.brauerinternat.de\/index.php?rest_route=%2Fwp%2Fv2%2Fmedia&parent=2"}],"curies":[{"name":"wp","href":"https:\/\/api.w.org\/{rel}","templated":true}]}}