{"id":25,"date":"2020-05-28T09:19:11","date_gmt":"2020-05-28T09:19:11","guid":{"rendered":"http:\/\/wptestinstanz.gecgin.de\/?page_id=25"},"modified":"2025-11-20T21:00:06","modified_gmt":"2025-11-20T19:00:06","slug":"unterkunft","status":"publish","type":"page","link":"https:\/\/www.brauerinternat.de\/?page_id=25","title":{"rendered":"Wohnen und Schlafen"},"content":{"rendered":"<p>&nbsp;<\/p>\n<p style=\"text-align: left;\">Im Brauerinternat wohnen w\u00e4hrend ihres Blockunterrichts Auszubildende verschiedener Berufe, haupts\u00e4chlich aber Brauer und M\u00e4lzer sowie angehende Klempner. Auch Meistersch\u00fcler diverser Fachrichtungen sind in unserem Hause willkommen. Das Internat verf\u00fcgt \u00fcber 46 Zimmer mit unterschiedlicher Bettenanzahl und bietet Platz f\u00fcr max. 128 Bewohner.&nbsp;<\/p>\n<p>Alle Sch\u00fcler haben die M\u00f6glichkeit, w\u00e4hrend eines Schulblockes auch am Wochenende im Internat zu bleiben. W\u00e4hrend der Schulferien des Landes Baden W\u00fcrttemberg ist unser Haus geschlossen.<\/p>\n<p>Unsere Zimmer werden in der Regel mit Vollpension vermietet.&nbsp; In einzelnen Ausnahmef\u00e4llen kann auf die Verpflegungspauschale verzichtet werden.<\/p>\n<p>Nach der Schule stehen den Sch\u00fclern im Haus ein Fitnessraum und eine Tischtennisplatte zur Verf\u00fcgung, des Weiteren ein Tischkicker sowie zahlreiche Gesellschaftsspiele. Au\u00dferdem sind zwei von drei Aufenthaltsr\u00e4ume mit TV ausgestattet; im ersten und zweiten Stock des Altbaus befindet sich jeweils eine Teek\u00fcche.<\/p>\n<p>&nbsp;<\/p>\nngg_shortcode_0_placeholder\n","protected":false},"excerpt":{"rendered":"<p>&nbsp; Im Brauerinternat wohnen w\u00e4hrend ihres Blockunterrichts Auszubildende verschiedener Berufe, haupts\u00e4chlich aber Brauer und M\u00e4lzer sowie angehende Klempner. Auch Meistersch\u00fcler diverser Fachrichtungen sind in unserem Hause willkommen. Das Internat verf\u00fcgt \u00fcber 46 Zimmer mit unterschiedlicher Bettenanzahl und bietet Platz f\u00fcr max. 128 Bewohner.&nbsp; Alle Sch\u00fcler haben die M\u00f6glichkeit, w\u00e4hrend eines Schulblockes auch am Wochenende im [&hellip;]<\/p>\n","protected":false},"author":1,"featured_media":0,"parent":0,"menu_order":0,"comment_status":"closed","ping_status":"closed","template":"","meta":{"ngg_post_thumbnail":0,"footnotes":""},"class_list":["post-25","page","type-page","status-publish","czr-hentry"],"_links":{"self":[{"href":"https:\/\/www.brauerinternat.de\/index.php?rest_route=\/wp\/v2\/pages\/25","targetHints":{"allow":["GET"]}}],"collection":[{"href":"https:\/\/www.brauerinternat.de\/index.php?rest_route=\/wp\/v2\/pages"}],"about":[{"href":"https:\/\/www.brauerinternat.de\/index.php?rest_route=\/wp\/v2\/types\/page"}],"author":[{"embeddable":true,"href":"https:\/\/www.brauerinternat.de\/index.php?rest_route=\/wp\/v2\/users\/1"}],"replies":[{"embeddable":true,"href":"https:\/\/www.brauerinternat.de\/index.php?rest_route=%2Fwp%2Fv2%2Fcomments&post=25"}],"version-history":[{"count":8,"href":"https:\/\/www.brauerinternat.de\/index.php?rest_route=\/wp\/v2\/pages\/25\/revisions"}],"predecessor-version":[{"id":955,"href":"https:\/\/www.brauerinternat.de\/index.php?rest_route=\/wp\/v2\/pages\/25\/revisions\/955"}],"wp:attachment":[{"href":"https:\/\/www.brauerinternat.de\/index.php?rest_route=%2Fwp%2Fv2%2Fmedia&parent=25"}],"curies":[{"name":"wp","href":"https:\/\/api.w.org\/{rel}","templated":true}]}}