{"id":425,"date":"2022-11-22T22:19:46","date_gmt":"2022-11-22T20:19:46","guid":{"rendered":"https:\/\/www.brauerinternat.de\/?page_id=425"},"modified":"2025-06-26T08:38:42","modified_gmt":"2025-06-26T06:38:42","slug":"oeffnungszeiten-und-ansprechpartner","status":"publish","type":"page","link":"https:\/\/www.brauerinternat.de\/?page_id=425","title":{"rendered":"\u00d6ffnungszeiten und Ansprechpartner"},"content":{"rendered":"<p>Das Brauerinternat ist t\u00e4glich ab 7:30 Uhr bis 23.30 Uhr ge\u00f6ffnet. Minderj\u00e4hrige Sch\u00fcler m\u00fcssen gem\u00e4\u00df <a href=\"https:\/\/www.brauerinternat.de\/wp-content\/uploads\/2022\/11\/Hausordnung-Internat-kurz.pdf\">Hausordnung <\/a>bis sp\u00e4testens 22 Uhr im Haus sein.<\/p>\n<p>Die Anreise zum Blockbeginn kann immer sonntags von 18 Uhr bis 21 Uhr oder montags von 8.00 bis 10.00 Uhr (f\u00fcr Klempner-Auszubildende) sowie von 10 Uhr bis 13 Uhr (f\u00fcr Brauer-Auszubildende) erfolgen.<\/p>\n<p>An den Wochenenden ist das Brauerinternat nur f\u00fcr Wochenend-\u00dcbernachter ge\u00f6ffnet und w\u00e4hrend der<br \/>\n<strong>Schulferien in Baden W\u00fcrttemberg<\/strong> ist das Haus stets <strong>geschlossen<\/strong>.<\/p>\n<p>Ihr Ansprechpartner ist Herr Stefan Arnold<\/p>\n<p>K\u00f6nigstr. 96<br \/>\n89077 Ulm<br \/>\nTelefon: 0731\/9369010<br \/>\nTelefax: 0731\/ 9369013<br \/>\nE-Mail: <span class=\"Apple-style-span\"><span id=\"cloak51353\"><a href=\"Mailto:internatsleitung@brauerinternat.de\">internatsleitung@brauerinternat.de<\/a><\/span><\/span><\/p>\n<p>&nbsp;<\/p>\n<p>Bei Fragen zur Zimmerbelegung und &#8211; buchung wenden Sie sich bitte an Frau Sybille Brecheisen<\/p>\n<p>K\u00f6nigstr. 96<br \/>\n89077 Ulm<br \/>\nTelefon: 0731\/9369011<br \/>\nTelefax: 0731\/ 9369013<\/p>\n<p>E-mail: <a href=\"mailto:schuelerbetreuung@brauerinternat.de\">schuelerbetreuung@brauerinternat.de<\/a><\/p>\n","protected":false},"excerpt":{"rendered":"<p>Das Brauerinternat ist t\u00e4glich ab 7:30 Uhr bis 23.30 Uhr ge\u00f6ffnet. Minderj\u00e4hrige Sch\u00fcler m\u00fcssen gem\u00e4\u00df Hausordnung bis sp\u00e4testens 22 Uhr im Haus sein. Die Anreise zum Blockbeginn kann immer sonntags von 18 Uhr bis 21 Uhr oder montags von 8.00 bis 10.00 Uhr (f\u00fcr Klempner-Auszubildende) sowie von 10 Uhr bis 13 Uhr (f\u00fcr Brauer-Auszubildende) erfolgen. [&hellip;]<\/p>\n","protected":false},"author":1,"featured_media":0,"parent":62,"menu_order":0,"comment_status":"closed","ping_status":"closed","template":"","meta":{"ngg_post_thumbnail":0,"footnotes":""},"class_list":["post-425","page","type-page","status-publish","czr-hentry"],"_links":{"self":[{"href":"https:\/\/www.brauerinternat.de\/index.php?rest_route=\/wp\/v2\/pages\/425","targetHints":{"allow":["GET"]}}],"collection":[{"href":"https:\/\/www.brauerinternat.de\/index.php?rest_route=\/wp\/v2\/pages"}],"about":[{"href":"https:\/\/www.brauerinternat.de\/index.php?rest_route=\/wp\/v2\/types\/page"}],"author":[{"embeddable":true,"href":"https:\/\/www.brauerinternat.de\/index.php?rest_route=\/wp\/v2\/users\/1"}],"replies":[{"embeddable":true,"href":"https:\/\/www.brauerinternat.de\/index.php?rest_route=%2Fwp%2Fv2%2Fcomments&post=425"}],"version-history":[{"count":10,"href":"https:\/\/www.brauerinternat.de\/index.php?rest_route=\/wp\/v2\/pages\/425\/revisions"}],"predecessor-version":[{"id":895,"href":"https:\/\/www.brauerinternat.de\/index.php?rest_route=\/wp\/v2\/pages\/425\/revisions\/895"}],"up":[{"embeddable":true,"href":"https:\/\/www.brauerinternat.de\/index.php?rest_route=\/wp\/v2\/pages\/62"}],"wp:attachment":[{"href":"https:\/\/www.brauerinternat.de\/index.php?rest_route=%2Fwp%2Fv2%2Fmedia&parent=425"}],"curies":[{"name":"wp","href":"https:\/\/api.w.org\/{rel}","templated":true}]}}