{"id":432,"date":"2022-11-22T22:37:00","date_gmt":"2022-11-22T20:37:00","guid":{"rendered":"https:\/\/www.brauerinternat.de\/?page_id=432"},"modified":"2022-12-14T23:59:44","modified_gmt":"2022-12-14T21:59:44","slug":"kontakt-ideen-und-anregungen","status":"publish","type":"page","link":"https:\/\/www.brauerinternat.de\/?page_id=432","title":{"rendered":"R\u00fcckmeldung"},"content":{"rendered":"<p>Sie interessieren sich f\u00fcr unser Angebot oder haben eine Idee, die zur Verbesserung unseres Angebotes beitr\u00e4gt? Das Brauerinternat Ulm ist offen f\u00fcr Ihre Vorschl\u00e4ge und Hinweise!<\/p>\n<p>&nbsp;<\/p>\n<div class=\"wpforms-container wpforms-container-full\" id=\"wpforms-172\"><form id=\"wpforms-form-172\" class=\"wpforms-validate wpforms-form\" data-formid=\"172\" method=\"post\" enctype=\"multipart\/form-data\" action=\"\/index.php?rest_route=%2Fwp%2Fv2%2Fpages%2F432\" data-token=\"09708d3e34263dec771d064d3fd3ba99\" data-token-time=\"1776955044\"><noscript class=\"wpforms-error-noscript\">Bitte aktiviere JavaScript in deinem Browser, um dieses Formular fertigzustellen.<\/noscript><div class=\"wpforms-field-container\"><div id=\"wpforms-172-field_0-container\" class=\"wpforms-field wpforms-field-name\" data-field-id=\"0\"><label class=\"wpforms-field-label\" for=\"wpforms-172-field_0\">Ihr Name <span class=\"wpforms-required-label\">*<\/span><\/label><input type=\"text\" id=\"wpforms-172-field_0\" class=\"wpforms-field-medium wpforms-field-required\" name=\"wpforms[fields][0]\" placeholder=\"Max Mustermann\" required><\/div><div id=\"wpforms-172-field_1-container\" class=\"wpforms-field wpforms-field-email\" data-field-id=\"1\"><label class=\"wpforms-field-label\" for=\"wpforms-172-field_1\">Ihre E-Mail-Adresse <span class=\"wpforms-required-label\">*<\/span><\/label><input type=\"email\" id=\"wpforms-172-field_1\" class=\"wpforms-field-medium wpforms-field-required\" name=\"wpforms[fields][1]\" placeholder=\"mail@ihrewebseite.de\" spellcheck=\"false\" required><\/div><div id=\"wpforms-172-field_3-container\" class=\"wpforms-field wpforms-field-text\" data-field-id=\"3\"><label class=\"wpforms-field-label\" for=\"wpforms-172-field_3\">R\u00fcckrufnummer<\/label><input type=\"text\" id=\"wpforms-172-field_3\" class=\"wpforms-field-medium\" name=\"wpforms[fields][3]\" placeholder=\"0731 \/ 93690 10\" ><\/div><div id=\"wpforms-172-field_2-container\" class=\"wpforms-field wpforms-field-textarea\" data-field-id=\"2\"><label class=\"wpforms-field-label\" for=\"wpforms-172-field_2\">Ihre Nachricht an uns: <span class=\"wpforms-required-label\">*<\/span><\/label><textarea id=\"wpforms-172-field_2\" class=\"wpforms-field-medium wpforms-field-required\" name=\"wpforms[fields][2]\" placeholder=\"Bitte rufen Sie mich bzgl. ........ zur\u00fcck! Vielen Dank i.V.\" required><\/textarea><\/div><\/div><!-- .wpforms-field-container --><div class=\"wpforms-field wpforms-field-hp\"><label for=\"wpforms-172-field-hp\" class=\"wpforms-field-label\">Phone<\/label><input type=\"text\" name=\"wpforms[hp]\" id=\"wpforms-172-field-hp\" class=\"wpforms-field-medium\"><\/div><div class=\"wpforms-submit-container\" ><input type=\"hidden\" name=\"wpforms[id]\" value=\"172\"><input type=\"hidden\" name=\"page_title\" value=\"\"><input type=\"hidden\" name=\"page_url\" value=\"https:\/\/www.brauerinternat.de\/index.php?rest_route=\/wp\/v2\/pages\/432\"><input type=\"hidden\" name=\"url_referer\" value=\"\"><button type=\"submit\" name=\"wpforms[submit]\" id=\"wpforms-submit-172\" class=\"wpforms-submit\" data-alt-text=\"Senden...\" data-submit-text=\"Absenden\" aria-live=\"assertive\" value=\"wpforms-submit\">Absenden<\/button><\/div><\/form><\/div>  <!-- .wpforms-container -->\n<p>&nbsp;<\/p>\n<p>\u00dcber eine <a href=\"mailto:schuelerbetreuung@brauerinternat.de\">Email<\/a> k\u00f6nnen Sie uns Ihr Anliegen ebenso schnell und einfach mitteilen. Nach dem Absenden Ihrer Nachricht erhalten Sie zeitnah eine Antwort.<\/p>\n<p>Sie k\u00f6nnen uns auch gerne telefonisch unter 0731\/9369010 oder per Fax unter 0731\/ 9369013 kontaktieren .<\/p>\n<p>&nbsp;<\/p>\n","protected":false},"excerpt":{"rendered":"<p>Sie interessieren sich f\u00fcr unser Angebot oder haben eine Idee, die zur Verbesserung unseres Angebotes beitr\u00e4gt? Das Brauerinternat Ulm ist offen f\u00fcr Ihre Vorschl\u00e4ge und Hinweise! &nbsp; &nbsp; \u00dcber eine Email k\u00f6nnen Sie uns Ihr Anliegen ebenso schnell und einfach mitteilen. Nach dem Absenden Ihrer Nachricht erhalten Sie zeitnah eine Antwort. Sie k\u00f6nnen uns auch [&hellip;]<\/p>\n","protected":false},"author":1,"featured_media":0,"parent":0,"menu_order":0,"comment_status":"closed","ping_status":"closed","template":"","meta":{"ngg_post_thumbnail":0,"footnotes":""},"class_list":["post-432","page","type-page","status-publish","czr-hentry"],"_links":{"self":[{"href":"https:\/\/www.brauerinternat.de\/index.php?rest_route=\/wp\/v2\/pages\/432","targetHints":{"allow":["GET"]}}],"collection":[{"href":"https:\/\/www.brauerinternat.de\/index.php?rest_route=\/wp\/v2\/pages"}],"about":[{"href":"https:\/\/www.brauerinternat.de\/index.php?rest_route=\/wp\/v2\/types\/page"}],"author":[{"embeddable":true,"href":"https:\/\/www.brauerinternat.de\/index.php?rest_route=\/wp\/v2\/users\/1"}],"replies":[{"embeddable":true,"href":"https:\/\/www.brauerinternat.de\/index.php?rest_route=%2Fwp%2Fv2%2Fcomments&post=432"}],"version-history":[{"count":15,"href":"https:\/\/www.brauerinternat.de\/index.php?rest_route=\/wp\/v2\/pages\/432\/revisions"}],"predecessor-version":[{"id":483,"href":"https:\/\/www.brauerinternat.de\/index.php?rest_route=\/wp\/v2\/pages\/432\/revisions\/483"}],"wp:attachment":[{"href":"https:\/\/www.brauerinternat.de\/index.php?rest_route=%2Fwp%2Fv2%2Fmedia&parent=432"}],"curies":[{"name":"wp","href":"https:\/\/api.w.org\/{rel}","templated":true}]}}