{"id":44,"date":"2020-05-28T09:23:59","date_gmt":"2020-05-28T09:23:59","guid":{"rendered":"http:\/\/wptestinstanz.gecgin.de\/?page_id=44"},"modified":"2022-11-21T21:58:35","modified_gmt":"2022-11-21T19:58:35","slug":"freizeitmoeglichkeiten","status":"publish","type":"page","link":"https:\/\/www.brauerinternat.de\/?page_id=44","title":{"rendered":"Freizeitm\u00f6glichkeiten"},"content":{"rendered":"<p>Ulm bietet ein breites Angebot an Kulturveranstaltungen, Museen, Einkaufsm\u00f6glichkeiten, Sportaktivit\u00e4ten und Musik-Events. Wer Entspannung sucht, kann sich in einer der zahlreichen Garten- und Parkanlagen entlang der Donau ausruhen oder einen der umliegenden Seen sowie das ein oder andere Schwimmbad besuchen. F\u00fcr jeden Geschmack ist etwas dabei! Viele kulturellen Sehensw\u00fcrdigkeiten wie z.B. der Besuch des weltber\u00fchmten Ulmer M\u00fcnster-Turms werden vom Internat bezuschusst oder komplett bezahlt.<\/p>\n<p>\u00dcber alle <a href=\"http:\/\/www.ulm.de\/leben_in_ulm\/freizeit_sport.4319.3076,3665,4319.htm\">Freizeitangebote in Ulm<\/a> und Umgebung k\u00f6nnen Sie sich gerne beim Personal informieren.<\/p>\n<p>&nbsp;<\/p>\nngg_shortcode_0_placeholder\n","protected":false},"excerpt":{"rendered":"<p>Ulm bietet ein breites Angebot an Kulturveranstaltungen, Museen, Einkaufsm\u00f6glichkeiten, Sportaktivit\u00e4ten und Musik-Events. Wer Entspannung sucht, kann sich in einer der zahlreichen Garten- und Parkanlagen entlang der Donau ausruhen oder einen der umliegenden Seen sowie das ein oder andere Schwimmbad besuchen. F\u00fcr jeden Geschmack ist etwas dabei! Viele kulturellen Sehensw\u00fcrdigkeiten wie z.B. der Besuch des weltber\u00fchmten [&hellip;]<\/p>\n","protected":false},"author":1,"featured_media":0,"parent":0,"menu_order":0,"comment_status":"closed","ping_status":"closed","template":"","meta":{"ngg_post_thumbnail":0,"footnotes":""},"class_list":["post-44","page","type-page","status-publish","czr-hentry"],"_links":{"self":[{"href":"https:\/\/www.brauerinternat.de\/index.php?rest_route=\/wp\/v2\/pages\/44","targetHints":{"allow":["GET"]}}],"collection":[{"href":"https:\/\/www.brauerinternat.de\/index.php?rest_route=\/wp\/v2\/pages"}],"about":[{"href":"https:\/\/www.brauerinternat.de\/index.php?rest_route=\/wp\/v2\/types\/page"}],"author":[{"embeddable":true,"href":"https:\/\/www.brauerinternat.de\/index.php?rest_route=\/wp\/v2\/users\/1"}],"replies":[{"embeddable":true,"href":"https:\/\/www.brauerinternat.de\/index.php?rest_route=%2Fwp%2Fv2%2Fcomments&post=44"}],"version-history":[{"count":8,"href":"https:\/\/www.brauerinternat.de\/index.php?rest_route=\/wp\/v2\/pages\/44\/revisions"}],"predecessor-version":[{"id":416,"href":"https:\/\/www.brauerinternat.de\/index.php?rest_route=\/wp\/v2\/pages\/44\/revisions\/416"}],"wp:attachment":[{"href":"https:\/\/www.brauerinternat.de\/index.php?rest_route=%2Fwp%2Fv2%2Fmedia&parent=44"}],"curies":[{"name":"wp","href":"https:\/\/api.w.org\/{rel}","templated":true}]}}