{"id":55,"date":"2020-05-28T09:27:37","date_gmt":"2020-05-28T09:27:37","guid":{"rendered":"http:\/\/wptestinstanz.gecgin.de\/?page_id=55"},"modified":"2022-11-21T22:12:32","modified_gmt":"2022-11-21T20:12:32","slug":"seminarbetrieb","status":"publish","type":"page","link":"https:\/\/www.brauerinternat.de\/?page_id=55","title":{"rendered":"Seminarbetrieb"},"content":{"rendered":"<p>Im obersten Geschoss des Neubaus stehen zwei lichtdurchflutete Seminarr\u00e4ume zur Verf\u00fcgung, welche jeweils Platz f\u00fcr 25 Personen bieten und abends sehr gerne von den Internatsbewohnern zum Lernen genutzt werden.<\/p>\n<p>Die gro\u00dfz\u00fcgigen Fensterfl\u00e4chen bieten eine traumhafte Aussicht \u00fcber weite Teile Ulms und k\u00f6nnen per Knopfdruck beschattet werden.<\/p>\n<p>Die R\u00e4ume sind klimatisiert, mit moderner Seminartechnik und einer kleinen K\u00fcche ausgestattet und k\u00f6nnen von Firmen oder Schulen f\u00fcr Fortbildungen, Pr\u00fcfungen, Meetings oder \u00e4hnliche Veranstaltungen angemietet werden.&nbsp;&nbsp;<\/p>\n<p>Bei Bedarf lassen sich die beiden kleinen R\u00e4ume durch Verschieben der Trennwand in einen gro\u00dfen Raum f\u00fcr 80 Personen umwandeln.&nbsp;<\/p>\n<p>&nbsp;<\/p>\nngg_shortcode_0_placeholder\n","protected":false},"excerpt":{"rendered":"<p>Im obersten Geschoss des Neubaus stehen zwei lichtdurchflutete Seminarr\u00e4ume zur Verf\u00fcgung, welche jeweils Platz f\u00fcr 25 Personen bieten und abends sehr gerne von den Internatsbewohnern zum Lernen genutzt werden. Die gro\u00dfz\u00fcgigen Fensterfl\u00e4chen bieten eine traumhafte Aussicht \u00fcber weite Teile Ulms und k\u00f6nnen per Knopfdruck beschattet werden. Die R\u00e4ume sind klimatisiert, mit moderner Seminartechnik und einer [&hellip;]<\/p>\n","protected":false},"author":1,"featured_media":0,"parent":0,"menu_order":0,"comment_status":"closed","ping_status":"closed","template":"","meta":{"ngg_post_thumbnail":0,"footnotes":""},"class_list":["post-55","page","type-page","status-publish","czr-hentry"],"_links":{"self":[{"href":"https:\/\/www.brauerinternat.de\/index.php?rest_route=\/wp\/v2\/pages\/55","targetHints":{"allow":["GET"]}}],"collection":[{"href":"https:\/\/www.brauerinternat.de\/index.php?rest_route=\/wp\/v2\/pages"}],"about":[{"href":"https:\/\/www.brauerinternat.de\/index.php?rest_route=\/wp\/v2\/types\/page"}],"author":[{"embeddable":true,"href":"https:\/\/www.brauerinternat.de\/index.php?rest_route=\/wp\/v2\/users\/1"}],"replies":[{"embeddable":true,"href":"https:\/\/www.brauerinternat.de\/index.php?rest_route=%2Fwp%2Fv2%2Fcomments&post=55"}],"version-history":[{"count":6,"href":"https:\/\/www.brauerinternat.de\/index.php?rest_route=\/wp\/v2\/pages\/55\/revisions"}],"predecessor-version":[{"id":419,"href":"https:\/\/www.brauerinternat.de\/index.php?rest_route=\/wp\/v2\/pages\/55\/revisions\/419"}],"wp:attachment":[{"href":"https:\/\/www.brauerinternat.de\/index.php?rest_route=%2Fwp%2Fv2%2Fmedia&parent=55"}],"curies":[{"name":"wp","href":"https:\/\/api.w.org\/{rel}","templated":true}]}}